{"id":36,"date":"2017-12-01T18:20:26","date_gmt":"2017-12-01T18:20:26","guid":{"rendered":"http:\/\/go4c.pl\/?page_id=36"},"modified":"2017-12-02T23:04:41","modified_gmt":"2017-12-02T23:04:41","slug":"o-nas","status":"publish","type":"page","link":"https:\/\/go4c.pl\/?page_id=36","title":{"rendered":"O nas"},"content":{"rendered":"<p style=\"text-align: justify;\"><strong>Go4Control<\/strong> to niezale\u017cna, polska firma \u015bwiadcz\u0105ca profesjonalne us\u0142ugi w zakresie automatyki budynkowej. Nadrz\u0119dnymi celami dzia\u0142alno\u015bci firmy s\u0105 u\u0142atwienie pracy u\u017cytkownikom, sprostanie oczekiwaniom nowego pokolenia wchodz\u0105cego na rynek pracy oraz optymalizacja koszt\u00f3w i energii. Realizuj\u0105c powy\u017csze priorytety spe\u0142niamy kolejny cel jakim jest podnoszenie presti\u017cu nieruchomo\u015bci.<\/p>\n<p style=\"text-align: justify;\">Zesp\u00f3\u0142 <strong>Go4Control<\/strong> tworz\u0105 ambitni in\u017cynierowie podzielaj\u0105cy filozofi\u0119 firmy. Nasza kadra realizuje prze\u015bwi\u0119can\u0105 nam ide\u0119 stosuj\u0105c zaawansowany lecz \u0142atwy w obs\u0142udze system zarz\u0105dzania budynkiem. Dzi\u0119ki znajomo\u015bci system\u00f3w wiod\u0105cych producent\u00f3w automatyki oraz naszemu do\u015bwiadczeniu \u015bwiadczymy niezale\u017cne us\u0142ugi doradczo-projektowe. Znaj\u0105c potrzeby u\u017cytkownika oferujemy innowacyjne podej\u015bcie do procesu inwestycyjnego poprzez wsparcie inwestora na ka\u017cdym szczeblu projektu.<\/p>\n<p style=\"text-align: justify;\">Nasze us\u0142ugi kierujemy do deweloper\u00f3w komercyjnych i mieszkaniowych, generalnych wykonawc\u00f3w inwestycji oraz zarz\u0105dc\u00f3w nieruchomo\u015bci.<\/p>\n<p style=\"text-align: justify;\">W ofercie <strong>Go4Control<\/strong> znajduj\u0105 si\u0119 mi\u0119dzy innymi opracowywanie dedykowanych projekt\u00f3w automatyki i BMS, prowadzenie nadzor\u00f3w inwestorskich w zakresie instalacji niskopr\u0105dowych, wspieranie inwestora przy tworzeniu koncepcji projektu oraz podczas ca\u0142ego procesu inwestycyjnego. Jako specjalistyczna firma wykonujemy audyty i testy poprawno\u015bci dzia\u0142ania system\u00f3w BMS.<\/p>\n<p style=\"text-align: justify;\">W naszej pracy korzystamy z do\u015bwiadczenia ekspert\u00f3w z siostrzanej firmy <strong>Go4Energy<\/strong>.<\/p>\n<p>&nbsp;<\/p>\n","protected":false},"excerpt":{"rendered":"<p> &hellip;<\/p>\n","protected":false},"author":1,"featured_media":0,"parent":0,"menu_order":1,"comment_status":"closed","ping_status":"closed","template":"","meta":[],"_links":{"self":[{"href":"https:\/\/go4c.pl\/index.php?rest_route=\/wp\/v2\/pages\/36"}],"collection":[{"href":"https:\/\/go4c.pl\/index.php?rest_route=\/wp\/v2\/pages"}],"about":[{"href":"https:\/\/go4c.pl\/index.php?rest_route=\/wp\/v2\/types\/page"}],"author":[{"embeddable":true,"href":"https:\/\/go4c.pl\/index.php?rest_route=\/wp\/v2\/users\/1"}],"replies":[{"embeddable":true,"href":"https:\/\/go4c.pl\/index.php?rest_route=%2Fwp%2Fv2%2Fcomments&post=36"}],"version-history":[{"count":5,"href":"https:\/\/go4c.pl\/index.php?rest_route=\/wp\/v2\/pages\/36\/revisions"}],"predecessor-version":[{"id":331,"href":"https:\/\/go4c.pl\/index.php?rest_route=\/wp\/v2\/pages\/36\/revisions\/331"}],"wp:attachment":[{"href":"https:\/\/go4c.pl\/index.php?rest_route=%2Fwp%2Fv2%2Fmedia&parent=36"}],"curies":[{"name":"wp","href":"https:\/\/api.w.org\/{rel}","templated":true}]}}